{"id":244,"date":"2026-03-04T00:50:53","date_gmt":"2026-03-04T04:50:53","guid":{"rendered":"https:\/\/speedlogbrasil.com.br\/?page_id=244"},"modified":"2026-03-10T10:08:31","modified_gmt":"2026-03-10T14:08:31","slug":"contato","status":"publish","type":"page","link":"https:\/\/speedlogbrasil.com.br\/?page_id=244","title":{"rendered":"Contato"},"content":{"rendered":"\n<p><\/p>\n\n\n\n<h1 class=\"wp-block-heading\"><\/h1>\n\n\n\n<p><strong>Endere\u00e7o:<\/strong><br>Rua Ortelinda Dourado Brand\u00e3o, 54<br>Campo Grande &#8211; MS<\/p>\n\n\n\n<p><strong>Telefone:<\/strong><br>(67) 99191-6565<\/p>\n\n\n\n<p><strong>Email:<\/strong><br>comercial@speedlogbrasil.com.br<\/p>\n\n\n\n<p><strong>Hor\u00e1rio de atendimento:<\/strong><br>Segunda a Sexta<br>08h \u00e0s 18h<\/p>\n","protected":false},"excerpt":{"rendered":"<p>Endere\u00e7o:Rua Ortelinda Dourado Brand\u00e3o, 54Campo Grande &#8211; MS Telefone:(67) 99191-6565 Email:comercial@speedlogbrasil.com.br Hor\u00e1rio de atendimento:Segunda a Sexta08h \u00e0s 18h<\/p>\n","protected":false},"author":1,"featured_media":0,"parent":0,"menu_order":0,"comment_status":"closed","ping_status":"closed","template":"","meta":{"footnotes":""},"class_list":["post-244","page","type-page","status-publish","hentry"],"_links":{"self":[{"href":"https:\/\/speedlogbrasil.com.br\/index.php?rest_route=\/wp\/v2\/pages\/244","targetHints":{"allow":["GET"]}}],"collection":[{"href":"https:\/\/speedlogbrasil.com.br\/index.php?rest_route=\/wp\/v2\/pages"}],"about":[{"href":"https:\/\/speedlogbrasil.com.br\/index.php?rest_route=\/wp\/v2\/types\/page"}],"author":[{"embeddable":true,"href":"https:\/\/speedlogbrasil.com.br\/index.php?rest_route=\/wp\/v2\/users\/1"}],"replies":[{"embeddable":true,"href":"https:\/\/speedlogbrasil.com.br\/index.php?rest_route=%2Fwp%2Fv2%2Fcomments&post=244"}],"version-history":[{"count":3,"href":"https:\/\/speedlogbrasil.com.br\/index.php?rest_route=\/wp\/v2\/pages\/244\/revisions"}],"predecessor-version":[{"id":333,"href":"https:\/\/speedlogbrasil.com.br\/index.php?rest_route=\/wp\/v2\/pages\/244\/revisions\/333"}],"wp:attachment":[{"href":"https:\/\/speedlogbrasil.com.br\/index.php?rest_route=%2Fwp%2Fv2%2Fmedia&parent=244"}],"curies":[{"name":"wp","href":"https:\/\/api.w.org\/{rel}","templated":true}]}}