{"id":178,"date":"2026-03-03T21:50:39","date_gmt":"2026-03-04T01:50:39","guid":{"rendered":"https:\/\/speedlogbrasil.com.br\/?page_id=178"},"modified":"2026-03-04T00:49:22","modified_gmt":"2026-03-04T04:49:22","slug":"nova","status":"publish","type":"page","link":"https:\/\/speedlogbrasil.com.br\/","title":{"rendered":"Inicio"},"content":{"rendered":"\n<p><\/p>\n\n\n\n<h1 class=\"wp-block-heading\">A velocidade que move Campo Grande<\/h1>\n\n\n\n<p>Log\u00edstica \u00e1gil, segura e estrat\u00e9gica para empresas de Campo Grande\/MS.<a href=\"\/contato\">Solicitar Proposta<\/a><\/p>\n\n\n\n<h2 class=\"wp-block-heading\">Nossos Servi\u00e7os<\/h2>\n\n\n\n<h3 class=\"wp-block-heading\">\ud83d\ude9a Entregas Expressas<\/h3>\n\n\n\n<p>Coletas e entregas r\u00e1pidas em toda Campo Grande.<\/p>\n\n\n\n<h3 class=\"wp-block-heading\">\ud83d\udce6 Distribui\u00e7\u00e3o Urbana<\/h3>\n\n\n\n<p>Log\u00edstica urbana eficiente para empresas.<\/p>\n\n\n\n<h3 class=\"wp-block-heading\">\ud83d\udccd Roteiriza\u00e7\u00e3o Inteligente<\/h3>\n\n\n\n<p>Planejamento estrat\u00e9gico de rotas para otimizar entregas.<\/p>\n\n\n\n<h3 class=\"wp-block-heading\">\ud83d\udcca Log\u00edstica Personalizada<\/h3>\n\n\n\n<p>Solu\u00e7\u00f5es log\u00edsticas sob medida para empresas.<\/p>\n","protected":false},"excerpt":{"rendered":"<p>A velocidade que move Campo Grande Log\u00edstica \u00e1gil, segura e estrat\u00e9gica para empresas de Campo Grande\/MS.Solicitar Proposta Nossos Servi\u00e7os \ud83d\ude9a Entregas Expressas Coletas e entregas r\u00e1pidas em toda Campo Grande. \ud83d\udce6 Distribui\u00e7\u00e3o Urbana Log\u00edstica urbana eficiente para empresas. \ud83d\udccd Roteiriza\u00e7\u00e3o Inteligente Planejamento estrat\u00e9gico de rotas para otimizar entregas. \ud83d\udcca Log\u00edstica Personalizada Solu\u00e7\u00f5es log\u00edsticas sob medida [&hellip;]<\/p>\n","protected":false},"author":1,"featured_media":0,"parent":0,"menu_order":0,"comment_status":"closed","ping_status":"closed","template":"","meta":{"footnotes":""},"class_list":["post-178","page","type-page","status-publish","hentry"],"_links":{"self":[{"href":"https:\/\/speedlogbrasil.com.br\/index.php?rest_route=\/wp\/v2\/pages\/178","targetHints":{"allow":["GET"]}}],"collection":[{"href":"https:\/\/speedlogbrasil.com.br\/index.php?rest_route=\/wp\/v2\/pages"}],"about":[{"href":"https:\/\/speedlogbrasil.com.br\/index.php?rest_route=\/wp\/v2\/types\/page"}],"author":[{"embeddable":true,"href":"https:\/\/speedlogbrasil.com.br\/index.php?rest_route=\/wp\/v2\/users\/1"}],"replies":[{"embeddable":true,"href":"https:\/\/speedlogbrasil.com.br\/index.php?rest_route=%2Fwp%2Fv2%2Fcomments&post=178"}],"version-history":[{"count":3,"href":"https:\/\/speedlogbrasil.com.br\/index.php?rest_route=\/wp\/v2\/pages\/178\/revisions"}],"predecessor-version":[{"id":243,"href":"https:\/\/speedlogbrasil.com.br\/index.php?rest_route=\/wp\/v2\/pages\/178\/revisions\/243"}],"wp:attachment":[{"href":"https:\/\/speedlogbrasil.com.br\/index.php?rest_route=%2Fwp%2Fv2%2Fmedia&parent=178"}],"curies":[{"name":"wp","href":"https:\/\/api.w.org\/{rel}","templated":true}]}}